{"id":7406,"date":"2022-03-04T12:36:32","date_gmt":"2022-03-04T12:36:32","guid":{"rendered":"https:\/\/my-stone.it\/terms-and-conditions"},"modified":"2022-07-14T14:33:00","modified_gmt":"2022-07-14T14:33:00","slug":"terms-and-conditions","status":"publish","type":"page","link":"https:\/\/my-stone.it\/it\/terms-and-conditions","title":{"rendered":"TERMINI E CONDIZIONI"},"content":{"rendered":"<p>[vc_row equal_height=&#8221;yes&#8221; content_placement=&#8221;middle&#8221; row_content_width=&#8221;grid&#8221; css=&#8221;.vc_custom_1644252169596{padding-bottom: 0px !important;}&#8221;][vc_column][vc_column_text]<\/p>\r\n\r\n<h3 class=\"p1\"><b>SPEDIZIONE E SPESE DI SPEDIZIONE:<\/b><\/h3>\r\n\r\n<p class=\"p1\">A lato di ogni prodotto \u00e8 indicato se \u00e8 in stock e pronto per la spedizione o se non \u00e8 disponibile.<br \/>Gli ordini verranno evasi in 7 giorni lavorativi, verranno in seguito spediti con corriere espresso o altro servizio disponibile per il paese di destinazione.<br \/>La spedizione richiede solitamente dai 3 ai 10 giorni a seconda del paese di destinazione, dopo la spedizione verr\u00e0 fornito un codice di tracciamento. Sfortunatamente, non forniamo la consegna il giorno successivo. Nel caso in cui il vostro paese non sia inserito nei paesi in cui spediamo, vi preghiamo di contattarci.<br \/>Le spese di spedizione sono calcolate al momento del checkout e del pagamento.<\/p>\r\n\r\n<h3 class=\"p1\"><b>PREZZI E IVA:<\/b><\/h3>\r\n<p class=\"p1\">I prezzi indicati sul nostro sito web sono comprensivi di IVA. I prezzi dei nostri prodotti sono soggetti a modifiche senza preavviso. Ci riserviamo il diritto in qualsiasi momento di modificare o sospendere i prezzi dei nostri prodotti. Non saremo responsabili nei vostri confronti o nei confronti di terzi per qualsiasi modifica, variazione di prezzo, sospensione o interruzione del prodotto.<\/p>\r\n<p>&nbsp;<\/p>\r\n<h3 class=\"p1\"><b>PAGAMENTI:<\/b><\/h3>\r\n<p class=\"p1\">I pagamenti vengono elaborati in modo sicuro attraverso Stripe o PayPal e tramite i loro servizi e i loro server.<br \/>Nessun numero o dato della carta di credito viene trattenuto o elaborato da noi direttamente.<br \/>I dati personali sono trattati tramite SSL (vedi Sicurezza).<\/p>\r\n<p>&nbsp;<\/p>\r\n<h3 class=\"p1\"><b>GARANZIA, RIMBORSI E RESI:<\/b><\/h3>\r\n<p class=\"p1\">Offriamo una garanzia soddisfatti o rimborsati di 14 giorni.<br \/>Garantiamo la tua soddisfazione con tutta la merce My-Stone.it. <br \/>Potete ottenere un rimborso completo entro 14 giorni dalla consegna secondo le leggi vigenti.<\/p>\r\n<p class=\"p1\">Accettiamo solamente resi di prodotti che sono ancora nella loro confezione originale; che non sono stati danneggiati e senza essere stati utilizzati.<\/p>\r\n<p class=\"p1\">VI preghiamo di contattarci a info@my-stone.it prima di effettuare la restituzione di un prodotto.<br \/>Gli articoli restituiti senza preventiva richiesta non saranno accettati.<br \/>Dopo averci contattato, valutiamo se la vostra richiesta di reso \u00e8 accettabile.<br \/>In questo caso, vi invieremo le istruzioni di imballaggio e spedizione.<br \/>Gli articoli vengono restituiti a spese del cliente.<br \/>Se l&#8217;imballo originale \u00e8 mancante o danneggiato non si accettano resi.<\/p>\r\n<p class=\"p1\">La garanzia di rimborso soddisfatti o rimborsati, di 14 giorni non si applica ai prodotti che sono stati utilizzati e\/o danneggiati.<br \/>Vi preghiamo di controllare il vostro ordine al momento della ricezione e di contattarci immediatamente se l&#8217;articolo \u00e8 difettoso, danneggiato o se avete ricevuto l&#8217;articolo sbagliato, in modo da poter valutare il problema.<br \/>L\u2019accredito del rimborso viene sempre erogato sul metodo di pagamento utilizzato (carta di credito o paypal) . Solitamente viene erogato entro 14 dalla ricezione del reso.<br \/>Si prega di ricordare che la banca o l&#8217;istituto di emissione della carta di credito pu\u00f2 richiedere del tempo per elaborare e inviare anche il rimborso.<\/p>\r\n<p class=\"p1\">La restituzione \u00e8 a rischio del cliente (anche nel caso di pagamento della spedizione a nostro carico). My-Stone.it non pu\u00f2 essere ritenuto responsabile per resi e prodotti mancanti o danneggiati. Pertanto, dovreste sempre avvolgere il vostro reso con cura. Potreste, ad esempio, utilizzare la scatola in cui \u00e8 arrivato. Restituire anche eventuali accessori o articoli correlati.<\/p>\r\n<p>&nbsp;<\/p>\r\n<h3 class=\"p1\"><b>SICUREZZA E PRIVACY:<\/b><\/h3>\r\n<p class=\"p1\">Transazioni sicure \u2013 Sicurezza della carta di credito<br \/>My-Stone utilizza la pi\u00f9 recente tecnologia di crittografia per mantenere al sicuro i dati della tua carta di credito. Per questo ci affidiamo a note aziende come Stripe e Paypal. Non conserviamo i dati della tua carta di credito con noi, n\u00e9 possiamo accedere a queste informazioni.<br \/>Quando effettuate un acquisto su My-Stone.it, i dati della vostra carta di credito verranno elaborati in modalit\u00e0 sicura utilizzando la crittografia SSL, lo standard Internet per le transazioni sicure.<\/p>\r\n<p>&nbsp;<\/p>\r\n<h3 class=\"p1\"><b> POLITICA SULLA RISERVATEZZA:<\/b><\/h3>\r\n<p class=\"p1\">Noi di My-Stone.it sappiamo che la vostra privacy \u00e8 importante per voi. \u00c8 importante anche per noi. Ecco perch\u00e9 vogliamo che voi sappiate le informazioni personali che raccogliamo, come utilizziamo tali informazioni. My-Stone.it non condivide le informazioni sui clienti con terze parti diverse dai partner coinvolti nella gestione del vostro ordine.<\/p>\r\n<p class=\"p1\">Si prega di fare riferimento alla nostra Informativa sulla <a style=\"color: #f490c6;\" href=\"https:\/\/my-stone.it\/it\/privacy-policy\">privacy<\/a> per ulteriori informazioni.<\/p>\r\n<p>[\/vc_column_text][\/vc_column][\/vc_row]<\/p>","protected":false},"excerpt":{"rendered":"<p>[vc_row equal_height=&#8221;yes&#8221; content_placement=&#8221;middle&#8221; row_content_width=&#8221;grid&#8221; css=&#8221;.vc_custom_1644252169596{padding-bottom: 0px !important;}&#8221;][vc_column][vc_column_text] SPEDIZIONE E SPESE DI SPEDIZIONE: A lato di ogni prodotto \u00e8 indicato se \u00e8 in stock e pronto per la spedizione o se non \u00e8 disponibile.Gli ordini verranno evasi in 7 giorni lavorativi, [&hellip;]<\/p>\n","protected":false},"author":1,"featured_media":0,"parent":0,"menu_order":0,"comment_status":"closed","ping_status":"closed","template":"full-width.php","meta":{"footnotes":""},"class_list":["post-7406","page","type-page","status-publish","hentry"],"yoast_head":"<!-- This site is optimized with the Yoast SEO plugin v27.4 - https:\/\/yoast.com\/product\/yoast-seo-wordpress\/ -->\n<title>TERMINI E CONDIZIONI - My-Stone.it - MY STONE is a contemporary, refined luxury handbag and accessories brand and is based in the heart of Venice, Italy.<\/title>\n<meta name=\"robots\" content=\"index, follow, max-snippet:-1, max-image-preview:large, max-video-preview:-1\" \/>\n<link rel=\"canonical\" href=\"https:\/\/my-stone.it\/it\/terms-and-conditions\" \/>\n<script type=\"application\/ld+json\" class=\"yoast-schema-graph\">{\"@context\":\"https:\\\/\\\/schema.org\",\"@graph\":[{\"@type\":\"BreadcrumbList\",\"@id\":\"https:\\\/\\\/my-stone.it\\\/it\\\/terms-and-conditions#breadcrumb\",\"itemListElement\":[{\"@type\":\"ListItem\",\"position\":1,\"name\":\"Home\",\"item\":\"https:\\\/\\\/my-stone.it\\\/it\"},{\"@type\":\"ListItem\",\"position\":2,\"name\":\"TERMINI E CONDIZIONI\"}]}]}<\/script>\n<!-- \/ Yoast SEO plugin. -->","yoast_head_json":{"title":"TERMINI E CONDIZIONI - My-Stone.it - MY STONE is a contemporary, refined luxury handbag and accessories brand and is based in the heart of Venice, Italy.","robots":{"index":"index","follow":"follow","max-snippet":"max-snippet:-1","max-image-preview":"max-image-preview:large","max-video-preview":"max-video-preview:-1"},"canonical":"https:\/\/my-stone.it\/it\/terms-and-conditions","schema":{"@context":"https:\/\/schema.org","@graph":[{"@type":"BreadcrumbList","@id":"https:\/\/my-stone.it\/it\/terms-and-conditions#breadcrumb","itemListElement":[{"@type":"ListItem","position":1,"name":"Home","item":"https:\/\/my-stone.it\/it"},{"@type":"ListItem","position":2,"name":"TERMINI E CONDIZIONI"}]}]}},"_links":{"self":[{"href":"https:\/\/my-stone.it\/it\/wp-json\/wp\/v2\/pages\/7406","targetHints":{"allow":["GET"]}}],"collection":[{"href":"https:\/\/my-stone.it\/it\/wp-json\/wp\/v2\/pages"}],"about":[{"href":"https:\/\/my-stone.it\/it\/wp-json\/wp\/v2\/types\/page"}],"author":[{"embeddable":true,"href":"https:\/\/my-stone.it\/it\/wp-json\/wp\/v2\/users\/1"}],"replies":[{"embeddable":true,"href":"https:\/\/my-stone.it\/it\/wp-json\/wp\/v2\/comments?post=7406"}],"version-history":[{"count":2,"href":"https:\/\/my-stone.it\/it\/wp-json\/wp\/v2\/pages\/7406\/revisions"}],"predecessor-version":[{"id":7533,"href":"https:\/\/my-stone.it\/it\/wp-json\/wp\/v2\/pages\/7406\/revisions\/7533"}],"wp:attachment":[{"href":"https:\/\/my-stone.it\/it\/wp-json\/wp\/v2\/media?parent=7406"}],"curies":[{"name":"wp","href":"https:\/\/api.w.org\/{rel}","templated":true}]}}